{"id":912,"date":"2021-04-22T16:52:47","date_gmt":"2021-04-22T13:52:47","guid":{"rendered":"https:\/\/nsp25.md\/?page_id=912"},"modified":"2021-05-06T09:58:50","modified_gmt":"2021-05-06T06:58:50","slug":"vozmozhnosti","status":"publish","type":"page","link":"http:\/\/nsp25.md\/ro\/vozmozhnosti","title":{"rendered":"Program bonus \u0219i Cash Back"},"content":{"rendered":"<div style=\"height:30px\" aria-hidden=\"true\" class=\"wp-block-spacer\"><\/div>\n\n\n\n<p>1<strong>. Cump\u0103ra\u021bi un contract<\/strong><\/p>\n\n\n\n<p>Pentru a semna Acordul de parteneriat, trebuie s\u0103 v\u0103 g\u0103si\u021bi propriul sponsor (mentor). Un sponsor este orice persoan\u0103 deja \u00eenregistrat\u0103 la companie. Pute\u021bi semna Acordul de parteneriat online. Acordul v\u0103 ofer\u0103 posibilitatea de a cump\u0103ra produsele NSP cu o reducere de 20% \u0219i pute\u021bi \u00eencepe s\u0103 v\u0103 construi\u021bi afacerea cu NSP!<\/p>\n\n\n\n<p><strong>2. Recunoa\u0219terea produsului<\/strong><\/p>\n\n\n\n<p>Afla\u021bi mai multe despre produs \u0219i \u00eencepe\u021bi s\u0103 v\u0103 ocupa\u021bi de propria s\u0103n\u0103tate lu\u00e2nd produse NSP. Face\u021bi testul.<\/p>\n\n\n\n<p><strong>3. \u00cemp\u0103rt\u0103\u0219irea informa\u021biilor<\/strong><\/p>\n\n\n\n<p>Spune\u021bi prietenilor \u0219i cuno\u0219tin\u021belor dvs. despre produsele NSP \u0219i cum s\u0103 construi\u021bi o afacere cu NSP. Fi\u021bi interesat de produse, cump\u0103ra\u021bi catalogul nostru.<\/p>\n\n\n\n<p>Compania organizeaz\u0103 \u00een mod constant sesiuni de formare cu privire la modul de utilizare \u0219i de lucru corect cu produsele \u0219i la modul de creare a propriei afaceri. Fiec\u0103rui partener novice i se atribuie un sponsor-mentor care \u00eel \u00eenva\u021b\u0103 cum s\u0103 lucreze \u00een cadrul companiei. Exist\u0103 o re\u021bea de centre de servicii \u00een regiuni, de unde pute\u021bi achizi\u021biona produse \u0219i primi formare gratuit\u0103.<\/p>\n\n\n\n<p><strong>Cump\u0103rarea<\/strong><\/p>\n\n\n\n<p>Cump\u0103ra\u021bi! Cu produsele pe baz\u0103 de plante \u0219i cosmeticele terapeutice NSP, c\u00e2\u0219tiga\u021bi experien\u021b\u0103 \u0219i \u00eencredere \u00een calitate. Cump\u0103r\u00e2nd 10 produse \u00een fiecare lun\u0103 ve\u021bi economisi aproximativ $350 pe an.<\/p>\n\n\n\n<p><strong>V\u00e2nzare<\/strong><\/p>\n\n\n\n<p>Spun\u00e2ndu-le oamenilor pe care \u00eei cunoa\u0219te\u021bi despre NSP, ve\u021bi c\u00e2\u0219tiga de trei ori mai mult dec\u00e2t doar prin v\u00e2nzare. Vinde\u021bi trei produse la 10 persoane pe lun\u0103 \u0219i c\u00e2\u0219tiga\u021bi $1022 sau mai mult pe an!<\/p>\n\n\n\n<p><strong>Sponsorizare<\/strong><\/p>\n\n\n\n<p>Prin crearea unui grup de distribuitori, v\u0103 folosi\u021bi cel mai eficient timpul, prin crearea unei re\u021bele de consumatori, sponsorizarea a 5 dintre prietenii dvs. \u0219i v\u00e2nzarea \u00eempreun\u0103 cu ei, ve\u021bi c\u00e2\u0219tiga $1312 sau mai mult pe an. C\u00e2nd prietenii t\u0103i \u00eencep s\u0103 \u00ee\u0219i creeze propriile grupuri, vei c\u00e2\u0219tiga \u0219i mai mult.<\/p>\n\n\n\n<p>Aceasta nu este limita - unii dintre distribuitorii no\u0219tri au realizat venituri de peste $1,000,000 pe an.<\/p>\n\n\n\n<h3 class=\"has-text-align-center wp-block-heading\">NSP este mai mult dec\u00e2t o afacere<\/h3>\n\n\n\n<p>\u00cen secolul XXI, dezvoltarea leg\u0103turilor directe \u00eentre produc\u0103tor \u0219i consumator este inevitabil\u0103. NSP ofer\u0103 produse de calitate superioar\u0103 \u00eempreun\u0103 cu servicii excelente. Atunci c\u00e2nd un client cump\u0103r\u0103 produse similare cu caracteristici similare prin intermediul magazinelor cu am\u0103nuntul, acesta pl\u0103te\u0219te de cel pu\u021bin 2 ori mai mult dec\u00e2t cump\u0103r\u0103 la pre\u021bul de v\u00e2nzare cu am\u0103nuntul prin intermediul unui distribuitor NSP.<\/p>\n\n\n\n<p>Marketingul pe mai multe niveluri este profesia \u0219i metoda de distribu\u021bie a viitorului!<\/p>\n\n\n\n<p>\u0218i nu este vorba doar de faptul c\u0103, prin eliminarea intermediarilor din lan\u021bul de distribu\u021bie \u0219i a costurilor de publicitate, se economise\u0219te o sum\u0103 uria\u0219\u0103 de bani, care poate fi utilizat\u0103 pentru dezvoltarea de noi produse, reducerea costurilor pentru clien\u021bi \u0219i recompensarea distribuitorilor.<\/p>\n\n\n\n<p>De asemenea, calitatea serviciilor oferite de re\u021beaua de distribuitori cu \u00eenalt\u0103 calificare este \u00eembun\u0103t\u0103\u021bit\u0103 \u00een acest fel.<\/p>\n\n\n\n<p>\u00cen calitate de distribuitor, ve\u021bi oferi servicii mai bune pentru c\u0103: sunte\u021bi un antreprenor. Atunci c\u00e2nd v\u0103 \u00eencepe\u021bi propria afacere, sunte\u021bi interesat de servicii de calitate pentru c\u0103: este propria dvs. afacere! Un distribuitor care ofer\u0103 servicii mai bune are mai mult succes dec\u00e2t unul care nu le ofer\u0103.<\/p>\n\n\n\n<p><strong>V\u0103 cunoa\u0219te\u021bi clien\u021bii<\/strong><\/p>\n\n\n\n<p>Un distribuitor NSP \u00ee\u0219i vinde de obicei produsele persoanelor pe care le cunoa\u0219te. Cine se va g\u00e2ndi mai mult la dorin\u021bele clientului - dumneavoastr\u0103 sau v\u00e2nz\u0103torul din magazin sau farmacie.<\/p>\n\n\n\n<p><strong>Cunoa\u0219te\u021bi produsele<\/strong><\/p>\n\n\n\n<p>\u0218ti\u021bi c\u0103 produsele companiei sunt sus\u021binute de garan\u021bia de calitate 100% \u0219i c\u0103 NSP va face tot posibilul pentru a v\u0103 oferi asisten\u021b\u0103 dac\u0103 ave\u021bi nevoie de ea. To\u021bi distribuitorii NSP de succes folosesc ei \u00een\u0219i\u0219i produsele. Este mult mai conving\u0103tor s\u0103 spune\u021bi \"Eu \u0219tiu c\u0103 acest produs este bun\" dec\u00e2t \"Ei spun c\u0103 este bun\".<\/p>\n\n\n\n<p><strong>Cunoa\u0219te\u021bi compania<\/strong><\/p>\n\n\n\n<p>\u0218ti\u021bi c\u0103 sunte\u021bi un distribuitor pentru una dintre cele mai de \u00eencredere companii din lume, cu o pozi\u021bie puternic\u0103 pe pia\u021b\u0103 \u00een 40 de \u021b\u0103ri.<\/p>\n\n\n\n<h3 class=\"has-text-align-center wp-block-heading\">Colecta\u021bi puncte (puncte pentru produse)<\/h3>\n\n\n\n<p>Sistemul informatic al NSP va calcula toate datele necesare pentru dumneavoastr\u0103 \u0219i grupul dumneavoastr\u0103. Cu timpul, ve\u021bi \u00eenv\u0103\u021ba s\u0103 face\u021bi singur calculele. Iar c\u00e2nd atinge\u021bi nivelul Leader, ve\u021bi deveni un profesionist \u00een marketingul de re\u021bea. Acest lucru v\u0103 va oferi posibilitatea de a atinge cifre mai mari.<\/p>\n\n\n\n<p><strong>Voi reu\u0219i?<\/strong><\/p>\n\n\n\n<p>\"Oamenii de succes sunt \u00eentotdeauna dispu\u0219i s\u0103 fac\u0103 ceea ce oamenii f\u0103r\u0103 succes nu sunt dispu\u0219i s\u0103 fac\u0103.\" Testate \u00een timp.<\/p>\n\n\n\n<p>G\u00e2ndi\u021bi-v\u0103 \u00een urm\u0103: de at\u00e2tea ori le-a\u021bi recomandat prietenilor \u0219i cunoscu\u021bilor o carte bun\u0103, un film care v-a impresionat, un produs care v-a pl\u0103cut. A\u021bi f\u0103cut-o doar pentru c\u0103 a\u021bi vrut s\u0103 v\u0103 ajuta\u021bi prietenii s\u0103 fac\u0103 alegerea corect\u0103 \u0219i s\u0103 \u00eemp\u0103rt\u0103\u0219i\u021bi impresii \u0219i emo\u021bii pl\u0103cute.<\/p>\n\n\n\n<p>A\u021bi f\u0103cut acest lucru de multe ori \u00eenainte \u0219i nu a\u021bi ob\u021binut nimic! Atunci c\u00e2nd recomanzi NSP prietenilor t\u0103i, faci acela\u0219i lucru, iar compania \u00ee\u021bi r\u0103spl\u0103te\u0219te eforturile. NSP este pentru comunicarea de \u00eencredere, atunci c\u00e2nd motivele de cump\u0103rare sunt produsele de \u00eenalt\u0103 calitate \u0219i serviciile excelente oferite de distribuitor.<\/p>\n\n\n\n<h3 class=\"has-text-align-center wp-block-heading\">Ce forme de cooperare ofer\u0103 compania?<\/h3>\n\n\n\n<p>Oricine poate coopera cu compania, indiferent de v\u00e2rst\u0103, educa\u021bie, specializare.<\/p>\n\n\n\n<p><strong>Cele trei tipuri principale de cooperare sunt:<\/strong><\/p>\n\n\n\n<p><strong>1. Activit\u0103\u021bi de consum.<\/strong>&nbsp;O persoan\u0103 care a \u00eencheiat un acord de parteneriat cu NSP prime\u0219te statutul de partener. El sau ea are dreptul de a achizi\u021biona produse cu o reducere de 20%, cump\u0103r\u00e2ndu-le \u00een centrele noastre specializate. Consumatorul achizi\u021bioneaz\u0103 numai acele produse \u0219i numai atunci c\u00e2nd are nevoie de ele. \u00cen plus, consumatorii obi\u0219nui\u021bi primesc o recompens\u0103 special\u0103 din partea companiei.<\/p>\n\n\n\n<p><strong>2. Activit\u0103\u021bi de publicitate \u0219i informare.<\/strong>&nbsp;Un partener poate recomanda produsele companiei cunoscu\u021bilor \u0219i str\u0103inilor s\u0103i. \u00cen acest caz, este posibil s\u0103:<\/p>\n\n\n\n<p>- sau \u00eei oferi\u021bi persoanei s\u0103 \u00eencheie un acord cu societatea, permi\u021b\u00e2ndu-i astfel s\u0103 se bucure de toate drepturile unui partener NSP. Compania v\u0103 pl\u0103te\u0219te un comision pentru achizi\u021biile f\u0103cute de persoanele invitate de dumneavoastr\u0103 personal \u0219i de partenerii persoanelor dumneavoastr\u0103.<\/p>\n\n\n\n<p>- sau s\u0103 ofere produsele la pre\u021bul de v\u00e2nzare cu am\u0103nuntul. \u00cen acest caz, partenerul care are un acord cu societatea, care cump\u0103r\u0103 produsele, prime\u0219te remunera\u021bia descris\u0103 mai sus.<\/p>\n\n\n\n<p><strong>3. activit\u0103\u021bi organiza\u021bionale<\/strong>Compania \u00ee\u0219i construie\u0219te propria structur\u0103 de afaceri comerciale \u00een cadrul companiei, bazat\u0103 pe atragerea a tot mai mul\u021bi parteneri noi.<\/p>\n\n\n\n<div class=\"wp-block-image\"><figure class=\"aligncenter size-large\"><img decoding=\"async\" width=\"850\" height=\"764\" src=\"https:\/\/nsp25.md\/wp-content\/uploads\/2021\/04\/f2bd0efda83f4dbc4f171b4639d004fd.png\" alt=\"\" class=\"wp-image-923\" srcset=\"https:\/\/nsp25.md\/wp-content\/uploads\/2021\/04\/f2bd0efda83f4dbc4f171b4639d004fd.png 850w, https:\/\/nsp25.md\/wp-content\/uploads\/2021\/04\/f2bd0efda83f4dbc4f171b4639d004fd-480x431.png 480w, https:\/\/nsp25.md\/wp-content\/uploads\/2021\/04\/f2bd0efda83f4dbc4f171b4639d004fd-768x690.png 768w\" sizes=\"(max-width: 850px) 100vw, 850px\" \/><\/figure><\/div>\n\n\n\n<div class=\"wp-block-buttons is-content-justification-center is-layout-flex wp-block-buttons-is-layout-flex\">\n<div class=\"wp-block-button is-style-fill\"><a class=\"wp-block-button__link has-light-text-color has-text-color has-background\" style=\"background-color:#003b4d\" rel=\"\/kontakty\"><strong>DEVENI\u021aI PARTENER<\/strong><\/a><\/div>\n<\/div>\n\n\n\n<p><\/p>","protected":false},"excerpt":{"rendered":"<p>1. Cump\u0103ra\u021bi un contract Pentru a semna Acordul de parteneriat, trebuie s\u0103 g\u0103si\u021bi un sponsor (mentor) pe cont propriu. Un sponsor este orice persoan\u0103 deja \u00eenregistrat\u0103 la companie. Acordul de parteneriat poate fi semnat online. Acordul v\u0103 ofer\u0103 posibilitatea de a cump\u0103ra produse NSP cu o reducere de 20% \u0219i pute\u021bi \u00eencepe s\u0103 v\u0103 construi\u021bi afacerea cu NSP! 2. Afla\u021bi despre produs Afla\u021bi despre produs \u0219i \u00eencepe\u021bi s\u0103 v\u0103 ocupa\u021bi de propria...<\/p>","protected":false},"author":3,"featured_media":0,"parent":0,"menu_order":0,"comment_status":"closed","ping_status":"closed","template":"","meta":{"footnotes":""},"class_list":["post-912","page","type-page","status-publish","hentry"],"_links":{"self":[{"href":"http:\/\/nsp25.md\/ro\/wp-json\/wp\/v2\/pages\/912","targetHints":{"allow":["GET"]}}],"collection":[{"href":"http:\/\/nsp25.md\/ro\/wp-json\/wp\/v2\/pages"}],"about":[{"href":"http:\/\/nsp25.md\/ro\/wp-json\/wp\/v2\/types\/page"}],"author":[{"embeddable":true,"href":"http:\/\/nsp25.md\/ro\/wp-json\/wp\/v2\/users\/3"}],"replies":[{"embeddable":true,"href":"http:\/\/nsp25.md\/ro\/wp-json\/wp\/v2\/comments?post=912"}],"version-history":[{"count":11,"href":"http:\/\/nsp25.md\/ro\/wp-json\/wp\/v2\/pages\/912\/revisions"}],"predecessor-version":[{"id":21664,"href":"http:\/\/nsp25.md\/ro\/wp-json\/wp\/v2\/pages\/912\/revisions\/21664"}],"wp:attachment":[{"href":"http:\/\/nsp25.md\/ro\/wp-json\/wp\/v2\/media?parent=912"}],"curies":[{"name":"wp","href":"https:\/\/api.w.org\/{rel}","templated":true}]}}