{"id":1088,"date":"2021-04-23T11:09:19","date_gmt":"2021-04-23T08:09:19","guid":{"rendered":"https:\/\/nsp25.md\/product\/nature-s-sunshine-concentrate-koncentrat-nsp"},"modified":"2026-03-10T19:42:48","modified_gmt":"2026-03-10T17:42:48","slug":"nature-s-sunshine-concentrate-koncentrat-nsp","status":"publish","type":"product","link":"http:\/\/nsp25.md\/ro\/produs\/nature-s-sunshine-concentrate-koncentrat-nsp","title":{"rendered":"Concentrat Nature's Sunshine - NSP Concentrat"},"content":{"rendered":"<\/p>\n<h2>Instrument inofensiv pentru combaterea murd\u0103riei \u0219i a petelor<\/h2>\n<p>Sunshine Concentrate All Purpose Cleaner (concentrat universal de sp\u0103lare \u0219i cur\u0103\u021bare) &#8212; este incombustibil, se comport\u0103 perfect cu murd\u0103ria \u0219i petele. \u00cen compozi\u021bia sa, concentratul din NSP nu con\u021bine substan\u021be nocive, deci este inofensiv pentru ecologie \u0219i corpul uman. Componentele acestui remediu universal au o structur\u0103 biodegradabil\u0103 &#8212; descompun\u00e2ndu-se u\u0219or, ele nu formeaz\u0103 spum\u0103 \u00een sistemul de drenaj.<\/p>\n<p><img decoding=\"async\" class=\"size-full wp-image-761 alignright\" src=\"https:\/\/nsp25.md\/wp-content\/uploads\/2019\/05\/1551_4.jpg\" alt=\"\" width=\"397\" height=\"336\"> \u00cen incinta unei case sau apartament, acest concentrat poate fi folosit pentru cur\u0103\u021barea chiuvetelor, baie, aparate electrice, frigidere, suprafe\u021be din lemn, por\u021belan, vase variate, cupru, argint). SunshineConcentrateAll-PurposeCleaner (concentrat universal pentru stric\u0103ciune \u0219i cur\u0103\u021bare) este ideal pentru cur\u0103\u021barea aragazurilor, a gr\u0103tarelor, a foilor de copt. Concentratele NSP concentrate sunt ideale pentru tratarea fructelor \u0219 i leguminoaselor, pentru eliminarea microsurpletelor din recipientele din plastic, termozile etc.<\/p>\n<h3>Pentru \u00eenmuiere, sp\u0103lare \u0219i \u00eendep\u0103rtare a petelor<\/h3>\n<p>Remediul universal este grozav pentru pre\u00eenmuiere, aplic\u00e2ndu-se \u00een diverse loci, \u00een vederea elimin\u0103rii ulterioare. Concentra\u021bi-v\u0103 bine \u00een special cu man\u0219ete \u0219i gulere frecate. Sunshine Concentrate All-Purpose Cleaner este, de la sine \u00een\u021beles, potrivit pentru stricarea m\u00e2inilor din caldar\u00e2muri \u0219i chitan\u021be, dar mai ales pentru zonele delicate, inclusiv lenjerie, maltase \u0219i altele asemenea.<\/p>\n<h3>Instrumentul universal<\/h3>\n<p>Concentrat din produsul Sunshine Nature este potrivit pentru cur\u0103\u021barea diferitelor baterii, unelte, filtre de aer, c\u0103i de acces pentru beton. G\u0103se\u0219te aplicarea sa \u00een cur\u0103\u021barea exterioar\u0103 \u0219i interioar\u0103 a b\u0103rcilor, potrivit\u0103 pentru sp\u0103larea autoturismelor.<\/p>\n<p>Cu ajutorul unui concentrat universal, pute\u021bi s\u0103 sc\u0103pa\u021bi de depozitele din \u0219i pe fier \u0219i s\u0103 \u00eempiedica\u021bi educa\u021bia lor ulterioar\u0103, cur\u0103\u021ba\u021bi acvariul, cur\u0103\u021ba\u021bi plantele casei, tapet, \u021bigle, covoare, covoare \u00een hol \u0219i baie, containere pentru gunoi \u0219i mobilier. NSP Cleanser elimin\u0103 acumularea prafului pe podelele din lemn, p\u0103str\u00e2nd stralucirea lor, elimin\u00e2nd necesitatea ceararii ulterioare.<\/p>\n<h3>Pentru proceduri cu spumoasis<\/h3>\n<p>Sunshine Concentrate All-Purpose Cleaner (Concentrat universal pentru spalare \u0219i cur\u0103\u021bare) este detergentul perfect pentru crearea unei spume. Este ideal pentru remarcarea celor mai universale remedii, dar nu este necesar s\u0103 \u00eendep\u0103rta\u021bi reziduurile.<\/p>\n<h3>Cum se folose\u0219te concentratul universal?<\/h3>\n<p>Detergentul con\u021bine alcoola\u021bi liniarii de alcoola\u021bi, trebuie avut\u0103 grij\u0103 la ochi. Atunci c\u00e2nd este prezent\u0103 cea mai bun\u0103 licoare, este necesar\u0103 tratarea ochilor pentru cel mult 15 minute, tocmai prin contactarea unui medic. Sunshine Concentrate All Purpose Cleaner trebuie folosit pentru cur\u0103\u021barea ochiului, \u00eentr-un flacon de bine ochis, la sf\u00e2r\u0219itul zilei.<\/p>\n<p><strong> Produsul este foarte concentrat, trebuie aplicat \u00een doze mici \u00een conformitate cu cele mai stricte instruc\u021biuni: <img decoding=\"async\" class=\"size-full wp-image-762 alignright\" src=\"https:\/\/nsp25.md\/wp-content\/uploads\/2019\/05\/1551_6.jpg\" alt=\"\" width=\"408\" height=\"336\"> <\/strong><\/p>\n<ul>\n<li>Vase de buc\u0103t\u0103rie \u0219i argint\u0103rie: 2 linguri pe castron de ap\u0103 fierbinte;<\/li>\n<li>Gospod\u0103rie, aparate de buc\u0103t\u0103rie, baie, buc\u0103t\u0103rie \u0219i suprafe\u021be de perete: 1 lingur\u0103 pe 1 litru de ap\u0103 cald\u0103;<\/li>\n<li>T\u0103vi \u0219i oale: 2 linguri pe 4 litri de ap\u0103 fierbinte;<\/li>\n<li>Ochelari, ferestre \u0219i oglinzi: 1 lingur\u0103 pe 4 litri de ap\u0103. Spray sau se aplic\u0103 pe un burete moale, cl\u0103ti\u021bi \u0219i apoi \u0219terge\u021bi uscat;<\/li>\n<li>Cur\u0103\u021bare: 2 linguri cu 4 litri de ap\u0103. Dac\u0103 nu dori\u021bi s\u0103 opera\u021bi podeaua cu un cear, trebuie s\u0103 utiliza\u021bi curba;<\/li>\n<li>Cur\u0103\u021barea pl\u0103cilor (plastic \u0219i ceramic\u0103): 2 linguri pentru 4 litri de ap\u0103. Trage\u021bi linguri\u021bele peste un burete, prinde\u021bi-le \u00eempreun\u0103. De asemenea, potrivit pentru sp\u0103larea obiectelor \u0219i a podelelor din lemn;<\/li>\n<li>\u00cendep\u0103rtarea peturilor: se recomand\u0103 utilizarea unui animal imprimat pentru a \u00eendep\u0103rta ciocolata, cerneala, luciul pantofi, ruj \u0219 i ierburile de pe materialele care nu trebuie \u00eendep\u0103rtate;<\/li>\n<li>Pentru sp\u0103larea m\u00e2inilor: o linguri\u021b\u0103 de 1 litru de ap\u0103 cald\u0103. Adecvat pentru utilizarea unei m\u00e2tase produse \u0219i l\u00e2n\u0103, precum \u0219i un alt material delicat. Dup\u0103 aplicare, str\u00e2nge\u021bi \u0219i cl\u0103ti\u021bi bine;<\/li>\n<li>Pentru o sp\u0103lare \u00eembun\u0103t\u0103\u021bit\u0103: ad\u0103uga\u021bi un sfert dintr-o cea\u0219c\u0103 de concentrat \u00een ap\u0103;<\/li>\n<li>Campon \u0219i gel: Aplica\u021bi c\u00e2teva pic\u0103turi de concentrat pe palmier, freca\u021bi bine \u0219i apoi cl\u0103ti\u021bi. Pentru a crea o baie de spum\u0103, se recomand\u0103 utilizarea a 2 linguri de remedii universale pentru baia complet\u0103;<\/li>\n<li>Spalarea fructelor \u0219i a legumelor: jumatate linguri\u021b\u0103 de concentrat \u00eentr-un bazin de ap\u0103 cald\u0103. Cl\u0103ti\u021bi bine produsele p\u00e2n\u0103 c\u00e2nd ceara, pulverizatorul \u0219i pesticidele sunt complet \u00eendep\u0103rtate de pe suprafe\u021bele lor.<\/li>\n<\/ul>\n<p><\/p>","protected":false},"excerpt":{"rendered":"[trp_language language=\"ru_RU\"]\n<ul>\n<li>\u041c\u044b\u0442\u044c\u0435 \u043f\u043e\u0441\u0443\u0434\u044b, \u0441\u043a\u043e\u0432\u043e\u0440\u043e\u0434\u043e\u043a, \u043a\u0430\u0441\u0442\u0440\u044e\u043b\u044c, \u043f\u0438\u0449\u0435\u0432\u044b\u0445 \u043a\u043e\u043d\u0442\u0435\u0439\u043d\u0435\u0440\u043e\u0432 \u0438 \u0442.\u0434.;<\/li>\n<li>\u041c\u044b\u0442\u044c\u0435 \u043e\u0432\u043e\u0449\u0435\u0439 \u0438 \u0444\u0440\u0443\u043a\u0442\u043e\u0432;<\/li>\n<li>\u0421\u0442\u0438\u0440\u043a\u0430, \u0432\u044b\u0432\u0435\u0434\u0435\u043d\u0438\u0435 \u043f\u044f\u0442\u0435\u043d, \u043e\u043f\u043e\u043b\u0430\u0441\u043a\u0438\u0432\u0430\u043d\u0438\u0435;<\/li>\n<li>\u0423\u043d\u0438\u0432\u0435\u0440\u0441\u0430\u043b\u044c\u043d\u043e\u0435 \u0447\u0438\u0441\u0442\u044f\u0449\u0435\u0435 \u0441\u0440\u0435\u0434\u0441\u0442\u0432\u043e;<\/li>\n<li>\u0411\u0435\u0437\u043e\u043f\u0430\u0441\u043d\u044b\u0439 \u0441\u043e\u0441\u0442\u0430\u0432: \u043d\u0435\u0442 \u0444\u043e\u0441\u0444\u0430\u0442\u043e\u0432, \u043d\u0438\u0442\u0440\u0430\u0442\u043e\u0432, \u0431\u043e\u0440\u0430\u0442\u043e\u0432;<\/li>\n<li>\u0411\u0435\u0437\u0432\u0440\u0435\u0434\u043d\u043e \u0434\u043b\u044f \u043e\u043a\u0440\u0443\u0436\u0430\u044e\u0449\u0435\u0439 \u0441\u0440\u0435\u0434\u044b.<\/li>\n<\/ul>\n<p>[\/trp_language]<\/p>\n<ul>\n<li>Vase de sp\u0103lat, tig\u0103i, vase, recipiente pentru alimente etc.<\/li>\n<li>Sp\u0103larea fructelor \u0219i a legumelor;<\/li>\n<li>Spala\u021bi, pata\u021bi, cl\u0103ti\u021bi;<\/li>\n<li>Cur\u0103\u021b\u0103tor universal;<\/li>\n<li>Compozi\u021bie sigur\u0103: nu fosfa\u021bi, nitra\u021bi, bora\u021bi;<\/li>\n<li>Nociv pentru mediul \u00eenconjur\u0103tor.<\/li>\n<\/ul>\n<p>[\/trp_language]<\/p>","protected":false},"featured_media":1289,"template":"","meta":[],"product_brand":[],"product_cat":[160,161],"product_tag":[162],"class_list":{"0":"post-1088","1":"product","2":"type-product","3":"status-publish","4":"has-post-thumbnail","6":"product_cat-kosmetika-i-uhod","7":"product_cat-mojushhie-sredstva-i-gigiena","8":"product_tag-mojushhij-koncentrat","10":"first","11":"outofstock","12":"sale","13":"shipping-taxable","14":"purchasable","15":"product-type-simple"},"_links":{"self":[{"href":"http:\/\/nsp25.md\/ro\/wp-json\/wp\/v2\/product\/1088","targetHints":{"allow":["GET"]}}],"collection":[{"href":"http:\/\/nsp25.md\/ro\/wp-json\/wp\/v2\/product"}],"about":[{"href":"http:\/\/nsp25.md\/ro\/wp-json\/wp\/v2\/types\/product"}],"wp:featuredmedia":[{"embeddable":true,"href":"http:\/\/nsp25.md\/ro\/wp-json\/wp\/v2\/media\/1289"}],"wp:attachment":[{"href":"http:\/\/nsp25.md\/ro\/wp-json\/wp\/v2\/media?parent=1088"}],"wp:term":[{"taxonomy":"product_brand","embeddable":true,"href":"http:\/\/nsp25.md\/ro\/wp-json\/wp\/v2\/product_brand?post=1088"},{"taxonomy":"product_cat","embeddable":true,"href":"http:\/\/nsp25.md\/ro\/wp-json\/wp\/v2\/product_cat?post=1088"},{"taxonomy":"product_tag","embeddable":true,"href":"http:\/\/nsp25.md\/ro\/wp-json\/wp\/v2\/product_tag?post=1088"}],"curies":[{"name":"wp","href":"https:\/\/api.w.org\/{rel}","templated":true}]}}