{"id":1125,"date":"2021-04-23T11:09:43","date_gmt":"2021-04-23T08:09:43","guid":{"rendered":"https:\/\/nsp25.md\/product\/nabor-zdorove-s-nsp-kruglyj-god"},"modified":"2026-01-26T11:48:59","modified_gmt":"2026-01-26T09:48:59","slug":"nabor-zdorove-s-nsp-kruglyj-god","status":"publish","type":"product","link":"http:\/\/nsp25.md\/ro\/produs\/nabor-zdorove-s-nsp-kruglyj-god","title":{"rendered":"Set \u00abS\u0103n\u0103tate cu NSP pe tot parcursul anului\u00bb"},"content":{"rendered":"","protected":false},"excerpt":{"rendered":"<p>[trp_language language=\"ru_RU\"]\u0422\u043e, \u043d\u0430\u0441\u043a\u043e\u043b\u044c\u043a\u043e \u0434\u043e\u043b\u0433\u043e \u0438 \u0445\u043e\u0440\u043e\u0448\u043e \u043c\u044b \u0431\u0443\u0434\u0435\u043c \u0436\u0438\u0442\u044c, \u043d\u0430\u043f\u043e\u043b\u043e\u0432\u0438\u043d\u0443 \u043e\u043f\u0440\u0435\u0434\u0435\u043b\u044f\u0435\u0442\u0441\u044f \u0442\u0430\u043a\u0438\u043c\u0438 \u0444\u0430\u043a\u0442\u043e\u0440\u0430\u043c\u0438:<\/p>\n<ul>\n<li>\u041a\u0430\u043a\u043e\u0439 \u043e\u0431\u0440\u0430\u0437 \u0436\u0438\u0437\u043d\u0438 \u043c\u044b \u043f\u043e\u0437\u0432\u043e\u043b\u044f\u0435\u043c \u0441\u0435\u0431\u0435 \u0432\u0435\u0441\u0442\u0438;<\/li>\n<li>\u041a\u0430\u043a\u043e\u0433\u043e \u0442\u0438\u043f\u0430 \u043f\u0438\u0442\u0430\u043d\u0438\u044f \u043f\u0440\u0438\u0434\u0435\u0440\u0436\u0438\u0432\u0430\u0435\u043c\u0441\u044f;<\/li>\n<li>\u041a\u0430\u043a \u043f\u0440\u0438\u0432\u043e\u0434\u0438\u043c \u043c\u0430\u0441\u0441\u0443 \u0442\u0435\u043b\u0430 \u0432 \u043f\u043e\u0440\u044f\u0434\u043e\u043a;<\/li>\n<li>\u041a\u0430\u043a \u0432 \u043e\u0431\u0449\u0435\u043c \u0441\u043b\u0435\u0434\u0438\u043c \u0437\u0430 \u0441\u043e\u0441\u0442\u043e\u044f\u043d\u0438\u0435\u043c \u0441\u0432\u043e\u0435\u0433\u043e \u0437\u0434\u043e\u0440\u043e\u0432\u044c\u044f.<\/li>\n<\/ul>\n<p>[\/trp_language][trp_language language=\"ro_RO\"]C\u00e2t timp \u0219i bine vom tr\u0103i este pe jum\u0103tate determinat\u0103 de astfel de factori:<\/p>\n<ul>\n<li>Ce fel de via\u021b\u0103 ne permite s\u0103 conducem;<\/li>\n<li>Ce tip de hran\u0103 ader\u0103;<\/li>\n<li>Cum s\u0103 aduce\u021bi \u00een greutate;<\/li>\n<li>\u00cen general, monitoriza\u021bi starea s\u0103n\u0103t\u0103\u021bii noastre.<\/li>\n<\/ul>\n<p>[\/trp_language]<\/p>","protected":false},"featured_media":1886,"template":"","meta":[],"product_brand":[],"product_cat":[189],"product_tag":[117,123,134,118],"class_list":{"0":"post-1125","1":"product","2":"type-product","3":"status-publish","4":"has-post-thumbnail","6":"product_cat-gotovye-nabory","7":"product_tag-bad","8":"product_tag-vitaminnye-kompleksy","9":"product_tag-dlja-zhenshhin","10":"product_tag-dlja-muzhchin","12":"first","13":"outofstock","14":"sale","15":"shipping-taxable","16":"purchasable","17":"product-type-simple"},"_links":{"self":[{"href":"http:\/\/nsp25.md\/ro\/wp-json\/wp\/v2\/product\/1125","targetHints":{"allow":["GET"]}}],"collection":[{"href":"http:\/\/nsp25.md\/ro\/wp-json\/wp\/v2\/product"}],"about":[{"href":"http:\/\/nsp25.md\/ro\/wp-json\/wp\/v2\/types\/product"}],"wp:featuredmedia":[{"embeddable":true,"href":"http:\/\/nsp25.md\/ro\/wp-json\/wp\/v2\/media\/1886"}],"wp:attachment":[{"href":"http:\/\/nsp25.md\/ro\/wp-json\/wp\/v2\/media?parent=1125"}],"wp:term":[{"taxonomy":"product_brand","embeddable":true,"href":"http:\/\/nsp25.md\/ro\/wp-json\/wp\/v2\/product_brand?post=1125"},{"taxonomy":"product_cat","embeddable":true,"href":"http:\/\/nsp25.md\/ro\/wp-json\/wp\/v2\/product_cat?post=1125"},{"taxonomy":"product_tag","embeddable":true,"href":"http:\/\/nsp25.md\/ro\/wp-json\/wp\/v2\/product_tag?post=1125"}],"curies":[{"name":"wp","href":"https:\/\/api.w.org\/{rel}","templated":true}]}}