{"id":1011,"date":"2021-04-23T11:08:21","date_gmt":"2021-04-23T08:08:21","guid":{"rendered":"https:\/\/nsp25.md\/product\/chromium-chelate-hrom-helat"},"modified":"2026-03-10T19:20:55","modified_gmt":"2026-03-10T17:20:55","slug":"chromium-chelate-hrom-helat","status":"publish","type":"product","link":"https:\/\/nsp25.md\/ro\/produs\/chromium-chelate-hrom-helat","title":{"rendered":"Chromium Chelate"},"content":{"rendered":"","protected":false},"excerpt":{"rendered":"[trp_language language=\"ru_RU\"]\n<ul>\n<li>\u041d\u043e\u0440\u043c\u0430\u043b\u0438\u0437\u0443\u0435\u0442 \u0443\u0440\u043e\u0432\u0435\u043d\u044c \u0441\u0430\u0445\u0430\u0440\u0430 \u0432 \u043a\u0440\u043e\u0432\u0438;<\/li>\n<li>\u0423\u043b\u0443\u0447\u0448\u0430\u0435\u0442 \u043c\u044b\u0448\u0435\u0447\u043d\u044b\u0439 \u0442\u043e\u043d\u0443\u0441;<\/li>\n<li>\u041f\u043e\u0432\u044b\u0448\u0430\u0435\u0442 \u0432\u044b\u043d\u043e\u0441\u043b\u0438\u0432\u043e\u0441\u0442\u044c;<\/li>\n<li>\u0421\u0442\u0438\u043c\u0443\u043b\u0438\u0440\u0443\u0435\u0442 \u0440\u0430\u0431\u043e\u0442\u043e\u0441\u043f\u043e\u0441\u043e\u0431\u043d\u043e\u0441\u0442\u044c;<\/li>\n<li>\u041d\u043e\u0440\u043c\u0430\u043b\u0438\u0437\u0443\u0435\u0442 \u043e\u0431\u043c\u0435\u043d \u0432\u0435\u0449\u0435\u0441\u0442\u0432 \u0432 \u043e\u0440\u0433\u0430\u043d\u0438\u0437\u043c\u0435;<\/li>\n<li>\u0420\u0435\u0433\u0443\u043b\u0438\u0440\u0443\u0435\u0442 \u0441\u043e\u0434\u0435\u0440\u0436\u0430\u043d\u0438\u0435 \u0441\u0430\u0445\u0430\u0440\u0430 \u0432 \u0438\u043d\u0441\u0443\u043b\u0438\u043d\u043e\u0440\u0435\u0437\u0438\u0441\u0442\u0435\u043d\u0442\u043d\u044b\u0445 \u0441\u043e\u0441\u0442\u043e\u044f\u043d\u0438\u044f\u0445;<\/li>\n<li>\u0423\u043c\u0435\u043d\u044c\u0448\u0430\u0435\u0442 \u0443\u0440\u043e\u0432\u0435\u043d\u044c \u0445\u043e\u043b\u0435\u0441\u0442\u0435\u0440\u0438\u043d\u0430;<\/li>\n<li>\u0421\u043d\u0438\u0436\u0430\u0435\u0442 \u0430\u043f\u043f\u0435\u0442\u0438\u0442.<\/li>\n<\/ul>\n<p>[\/trp_language]<\/p>\n<ul>\n<li>Normalizeaza nivelurile de zahar din sange;<\/li>\n<li>\u00cembun\u0103t\u0103\u021be\u0219te tonusul muscular;<\/li>\n<li>Creste rezistenta;<\/li>\n<li>Stimuleaz\u0103 performan\u021ba;<\/li>\n<li>normalizarea metabolismului corpului;<\/li>\n<li>Regleaz\u0103 con\u021binutul de zah\u0103r din condi\u021biile rezistente la insulin\u0103;<\/li>\n<li>Reduce colesterolul;<\/li>\n<li>Reduce\u021bi apetitul.<\/li>\n<\/ul>\n<p>[\/trp_language]<\/p>","protected":false},"featured_media":49401,"template":"","meta":[],"product_brand":[],"product_cat":[147,109,110,150,111,129,130,115],"product_tag":[117,123,124,148,125,149,120],"class_list":{"0":"post-1011","1":"product","2":"type-product","3":"status-publish","4":"has-post-thumbnail","6":"product_cat-sportivnoe-pitanie","7":"product_cat-fitoprodukty","8":"product_cat-zdorovoe-pitanie","9":"product_cat-pohudenie","10":"product_cat-sistemy-organizma","11":"product_cat-obmen-veshhestv","12":"product_cat-serdechno-sosudistaja","13":"product_cat-jendokrinnaja","14":"product_tag-bad","15":"product_tag-vitaminnye-kompleksy","16":"product_tag-dlja-korrekcii-vesa","17":"product_tag-dlja-podderzhanija-fizicheskoj-aktivnosti","18":"product_tag-dlja-pozhilyh","19":"product_tag-dlja-sportsmenov","20":"product_tag-jendokrinnaja-sistema","22":"first","23":"instock","24":"sale","25":"shipping-taxable","26":"purchasable","27":"product-type-simple"},"_links":{"self":[{"href":"https:\/\/nsp25.md\/ro\/wp-json\/wp\/v2\/product\/1011","targetHints":{"allow":["GET"]}}],"collection":[{"href":"https:\/\/nsp25.md\/ro\/wp-json\/wp\/v2\/product"}],"about":[{"href":"https:\/\/nsp25.md\/ro\/wp-json\/wp\/v2\/types\/product"}],"wp:featuredmedia":[{"embeddable":true,"href":"https:\/\/nsp25.md\/ro\/wp-json\/wp\/v2\/media\/49401"}],"wp:attachment":[{"href":"https:\/\/nsp25.md\/ro\/wp-json\/wp\/v2\/media?parent=1011"}],"wp:term":[{"taxonomy":"product_brand","embeddable":true,"href":"https:\/\/nsp25.md\/ro\/wp-json\/wp\/v2\/product_brand?post=1011"},{"taxonomy":"product_cat","embeddable":true,"href":"https:\/\/nsp25.md\/ro\/wp-json\/wp\/v2\/product_cat?post=1011"},{"taxonomy":"product_tag","embeddable":true,"href":"https:\/\/nsp25.md\/ro\/wp-json\/wp\/v2\/product_tag?post=1011"}],"curies":[{"name":"wp","href":"https:\/\/api.w.org\/{rel}","templated":true}]}}