{"id":1015,"date":"2021-04-23T11:08:25","date_gmt":"2021-04-23T08:08:25","guid":{"rendered":"https:\/\/nsp25.md\/product\/colloidal-silver-forte-kolloidnoe-serebro-forte"},"modified":"2026-03-10T19:13:54","modified_gmt":"2026-03-10T17:13:54","slug":"colloidal-silver-forte-kolloidnoe-serebro-forte","status":"publish","type":"product","link":"https:\/\/nsp25.md\/ro\/produs\/colloidal-silver-forte-kolloidnoe-serebro-forte","title":{"rendered":"Argint coloidal Forte - Argint coloidal Forte"},"content":{"rendered":"","protected":false},"excerpt":{"rendered":"[trp_language language=\"ru_RU\"]\n<ul>\n<li>Remediu natural antiinflamator, antiseptic \u0219i bactericid pentru uz intern \u0219i extern<\/li>\n<li>Antibiotic natural \u0219i antifungic eficient, inhib\u0103 cre\u0219terea \u0219i multiplicarea virusurilor, fungilor \u0219i bacteriilor<\/li>\n<li>Asigur\u0103 o biodisponibilitate ridicat\u0103 a substan\u021bei active datorit\u0103 microparticulelor de argint dizolvate \u00eentr-o solu\u021bie coloidal\u0103.<\/li>\n<li>Concentra\u021bie: 1 linguri\u021b\u0103 de solu\u021bie con\u021bine 100 \u00b5g de argint<\/li>\n<li>Solu\u021bia nu este toxic\u0103<\/li>\n<\/ul>\n<p>Argint Coloidal \u00cembun\u0103t\u0103\u021bit<\/p>\n<div class=\"short-description\">\n<ul>\n<li>Antiinflamator si bactericid atit de uz intern cit si de uz extern<\/li>\n<li>Nu permite dezvoltarea diverselor bacterii nocive, viru\u0219i, micoze<\/li>\n<li>Este o alternativ\u0103 foarte bun\u0103 a antibioticelor tradi\u021bionale<\/li>\n<\/ul>\n<\/div>\n<p>[\/trp_language]<\/p>","protected":false},"featured_media":1225,"template":"","meta":[],"product_brand":[],"product_cat":[109,110,137,111,153,121,112,122],"product_tag":[117,125,132],"class_list":{"0":"post-1015","1":"product","2":"type-product","3":"status-publish","4":"has-post-thumbnail","6":"product_cat-fitoprodukty","7":"product_cat-zdorovoe-pitanie","8":"product_cat-vitaminy-mineraly-i-kompleksy","9":"product_cat-sistemy-organizma","10":"product_cat-dyhatelnaja","11":"product_cat-immunnaja","12":"product_cat-mochevyvodjashhaja","13":"product_cat-pishhevaritelnaja","14":"product_tag-bad","15":"product_tag-dlja-pozhilyh","16":"product_tag-immunnaja-sistema","18":"first","19":"instock","20":"sale","21":"shipping-taxable","22":"purchasable","23":"product-type-simple"},"_links":{"self":[{"href":"https:\/\/nsp25.md\/ro\/wp-json\/wp\/v2\/product\/1015","targetHints":{"allow":["GET"]}}],"collection":[{"href":"https:\/\/nsp25.md\/ro\/wp-json\/wp\/v2\/product"}],"about":[{"href":"https:\/\/nsp25.md\/ro\/wp-json\/wp\/v2\/types\/product"}],"wp:featuredmedia":[{"embeddable":true,"href":"https:\/\/nsp25.md\/ro\/wp-json\/wp\/v2\/media\/1225"}],"wp:attachment":[{"href":"https:\/\/nsp25.md\/ro\/wp-json\/wp\/v2\/media?parent=1015"}],"wp:term":[{"taxonomy":"product_brand","embeddable":true,"href":"https:\/\/nsp25.md\/ro\/wp-json\/wp\/v2\/product_brand?post=1015"},{"taxonomy":"product_cat","embeddable":true,"href":"https:\/\/nsp25.md\/ro\/wp-json\/wp\/v2\/product_cat?post=1015"},{"taxonomy":"product_tag","embeddable":true,"href":"https:\/\/nsp25.md\/ro\/wp-json\/wp\/v2\/product_tag?post=1015"}],"curies":[{"name":"wp","href":"https:\/\/api.w.org\/{rel}","templated":true}]}}