{"id":1056,"date":"2021-04-23T11:08:53","date_gmt":"2021-04-23T08:08:53","guid":{"rendered":"https:\/\/nsp25.md\/product\/mind-max-majnd-maks"},"modified":"2026-03-10T19:04:14","modified_gmt":"2026-03-10T17:04:14","slug":"mind-max-majnd-maks","status":"publish","type":"product","link":"https:\/\/nsp25.md\/ro\/produs\/mind-max-majnd-maks","title":{"rendered":"Mind-Max"},"content":{"rendered":"","protected":false},"excerpt":{"rendered":"[trp_language language=\"ru_RU\"]\n<ul>\n<li>\u00cembun\u0103t\u0103\u021be\u0219te concentrarea general\u0103 \u0219i cre\u0219te performan\u021ba la locul de munc\u0103;<\/li>\n<li>Recupereaz\u0103 memoria pe termen lung \u0219i pe termen scurt;<\/li>\n<li>Cre\u0219te capacit\u0103\u021bile cognitive;<\/li>\n<li>Restabile\u0219te func\u021bionarea normal\u0103 a sistemului nervos;<\/li>\n<li>Recomandat pentru administrare \u00een perioada de recuperare dup\u0103 traumatisme craniene \u0219i accidente vasculare cerebrale.<\/li>\n<\/ul>\n<p>[\/trp_language]<\/p>\n<ul>\n<li>Imbunatateste concentrarea atentiei<\/li>\n<li>Restabileste memoria durabila si cea de scurta durata<\/li>\n<li>Imbunatateste abilitatile intelectuale<\/li>\n<li>Reduce excitabilitatea sistemului nervos<\/li>\n<li>Poate fi utilizat \u00een afectiunile neuro-degenerative si perioada de recuperare in urma accidentului vascular cerebral.<\/li>\n<\/ul>\n<p>[\/trp_language]<\/p>","protected":false},"featured_media":49355,"template":"","meta":[],"product_brand":[],"product_cat":[127,110,138,114,130,111,109],"product_tag":[117,131,148],"class_list":{"0":"post-1056","1":"product","2":"type-product","3":"status-publish","4":"has-post-thumbnail","6":"product_cat-dlja-rabotosposobnosti","7":"product_cat-zdorovoe-pitanie","8":"product_cat-zrenie","9":"product_cat-nervnaja","10":"product_cat-serdechno-sosudistaja","11":"product_cat-sistemy-organizma","12":"product_cat-fitoprodukty","13":"product_tag-bad","14":"product_tag-golovnoj-mozg-i-nervnaja-sistema","15":"product_tag-dlja-podderzhanija-fizicheskoj-aktivnosti","17":"first","18":"instock","19":"sale","20":"shipping-taxable","21":"purchasable","22":"product-type-simple"},"_links":{"self":[{"href":"https:\/\/nsp25.md\/ro\/wp-json\/wp\/v2\/product\/1056","targetHints":{"allow":["GET"]}}],"collection":[{"href":"https:\/\/nsp25.md\/ro\/wp-json\/wp\/v2\/product"}],"about":[{"href":"https:\/\/nsp25.md\/ro\/wp-json\/wp\/v2\/types\/product"}],"wp:featuredmedia":[{"embeddable":true,"href":"https:\/\/nsp25.md\/ro\/wp-json\/wp\/v2\/media\/49355"}],"wp:attachment":[{"href":"https:\/\/nsp25.md\/ro\/wp-json\/wp\/v2\/media?parent=1056"}],"wp:term":[{"taxonomy":"product_brand","embeddable":true,"href":"https:\/\/nsp25.md\/ro\/wp-json\/wp\/v2\/product_brand?post=1056"},{"taxonomy":"product_cat","embeddable":true,"href":"https:\/\/nsp25.md\/ro\/wp-json\/wp\/v2\/product_cat?post=1056"},{"taxonomy":"product_tag","embeddable":true,"href":"https:\/\/nsp25.md\/ro\/wp-json\/wp\/v2\/product_tag?post=1056"}],"curies":[{"name":"wp","href":"https:\/\/api.w.org\/{rel}","templated":true}]}}