{"id":1138,"date":"2021-04-23T11:09:54","date_gmt":"2021-04-23T08:09:54","guid":{"rendered":"https:\/\/nsp25.md\/product\/nabor-protivoparazitarnyj"},"modified":"2026-01-26T11:48:58","modified_gmt":"2026-01-26T09:48:58","slug":"nabor-protivoparazitarnyj","status":"publish","type":"product","link":"https:\/\/nsp25.md\/ro\/produs\/nabor-protivoparazitarnyj","title":{"rendered":"Set \u00abAntiparazitare\u00bb"},"content":{"rendered":"","protected":false},"excerpt":{"rendered":"[trp_language language=\"ru_RU\"]\n<ul>\n<li>\u041e\u0431\u043b\u0430\u0434\u0430\u0435\u0442 \u0448\u0438\u0440\u043e\u043a\u0438\u043c \u0441\u043f\u0435\u043a\u0442\u0440\u043e\u043c \u043f\u0440\u043e\u0442\u0438\u0432\u043e\u043f\u0430\u0440\u0430\u0437\u0438\u0442\u0430\u0440\u043d\u043e\u0439 \u0430\u043a\u0442\u0438\u0432\u043d\u043e\u0441\u0442\u0438.<\/li>\n<li>\u041f\u043e\u0434\u0430\u0432\u043b\u044f\u0435\u0442 \u0430\u043a\u0442\u0438\u0432\u043d\u043e\u0441\u0442\u044c \u0434\u0440\u043e\u0436\u0436\u0435\u043f\u043e\u0434\u043e\u0431\u043d\u044b\u0445 \u0433\u0440\u0438\u0431\u043e\u0432 \u0432 \u043a\u0438\u0448\u0435\u0447\u043d\u0438\u043a\u0435.<\/li>\n<li>\u0421\u043f\u043e\u0441\u043e\u0431\u0441\u0442\u0432\u0443\u0435\u0442 \u0432\u044b\u0432\u0435\u0434\u0435\u043d\u0438\u044e \u043f\u0440\u043e\u0434\u0443\u043a\u0442\u043e\u0432 \u043e\u0431\u043c\u0435\u043d\u0430 \u043f\u0430\u0440\u0430\u0437\u0438\u0442\u043e\u0432 \u0438 \u0438\u0445 \u044d\u043d\u0434\u043e\u0442\u043e\u043a\u0441\u0438\u043d\u043e\u0432.<\/li>\n<li>\u0423\u0432\u0435\u043b\u0438\u0447\u0438\u0432\u0430\u0435\u0442 \u0430\u043a\u0442\u0438\u0432\u043d\u043e\u0441\u0442\u044c \u0438\u043c\u043c\u0443\u043d\u043d\u043e\u0439 \u0441\u0438\u0441\u0442\u0435\u043c\u044b.<\/li>\n<li>\u0421\u043d\u0438\u0436\u0430\u0435\u0442 \u0432\u0435\u0440\u043e\u044f\u0442\u043d\u043e\u0441\u0442\u044c \u043f\u043e\u044f\u0432\u043b\u0435\u043d\u0438\u044f \u0430\u043b\u043b\u0435\u0440\u0433\u0438\u0447\u0435\u0441\u043a\u0438\u0445 \u0437\u0430\u0431\u043e\u043b\u0435\u0432\u0430\u043d\u0438\u0439 \u0438 \u0432\u044b\u0440\u0430\u0436\u0435\u043d\u043d\u043e\u0441\u0442\u044c \u043f\u0440\u043e\u044f\u0432\u043b\u0435\u043d\u0438\u0439 \u0438\u043c\u0435\u044e\u0449\u0438\u0445\u0441\u044f \u0430\u043b\u043b\u0435\u0440\u0433\u0438\u0447\u0435\u0441\u043a\u0438\u0445 \u0437\u0430\u0431\u043e\u043b\u0435\u0432\u0430\u043d\u0438\u0439<\/li>\n<\/ul>\n<p>[\/trp_language]<\/p>\n<ul>\n<li>Sunt un spectru larg de activitate antiparazitar\u0103.<\/li>\n<li>Suprim\u0103 activeaz\u0103 ciupercile asem\u0103n\u0103toare drojdiei \u00een intestin.<\/li>\n<li>Ajut\u0103 la eliminarea produselor metabolice parazitare \u0219i a endotoxinelor acestora.<\/li>\n<li>M\u0103re\u0219te activarea sistemului imunitar.<\/li>\n<li>Reducerea probabilit\u0103\u021bii de apari\u021bie a durerii alergice \u0219 i a severit\u0103\u021bii manifest\u0103rilor durerii alergice care exist\u0103<\/li>\n<\/ul>\n<p>[\/trp_language]<\/p>","protected":false},"featured_media":1866,"template":"","meta":[],"product_brand":[],"product_cat":[189],"product_tag":[117,123,124,135,125,141,132,136,119,190,126,144],"class_list":{"0":"post-1138","1":"product","2":"type-product","3":"status-publish","4":"has-post-thumbnail","6":"product_cat-gotovye-nabory","7":"product_tag-bad","8":"product_tag-vitaminnye-kompleksy","9":"product_tag-dlja-korrekcii-vesa","10":"product_tag-dlja-ochistki-organizma","11":"product_tag-dlja-pozhilyh","12":"product_tag-dyhatelnaja-sistema","13":"product_tag-immunnaja-sistema","14":"product_tag-krovetvorenie","15":"product_tag-mochevyvodjashhaja-sistema","16":"product_tag-nabory","17":"product_tag-pishhevaritelnaja-sistema","18":"product_tag-serdechno-sosudistaja-sistema","20":"first","21":"outofstock","22":"sale","23":"shipping-taxable","24":"purchasable","25":"product-type-simple"},"_links":{"self":[{"href":"https:\/\/nsp25.md\/ro\/wp-json\/wp\/v2\/product\/1138","targetHints":{"allow":["GET"]}}],"collection":[{"href":"https:\/\/nsp25.md\/ro\/wp-json\/wp\/v2\/product"}],"about":[{"href":"https:\/\/nsp25.md\/ro\/wp-json\/wp\/v2\/types\/product"}],"wp:featuredmedia":[{"embeddable":true,"href":"https:\/\/nsp25.md\/ro\/wp-json\/wp\/v2\/media\/1866"}],"wp:attachment":[{"href":"https:\/\/nsp25.md\/ro\/wp-json\/wp\/v2\/media?parent=1138"}],"wp:term":[{"taxonomy":"product_brand","embeddable":true,"href":"https:\/\/nsp25.md\/ro\/wp-json\/wp\/v2\/product_brand?post=1138"},{"taxonomy":"product_cat","embeddable":true,"href":"https:\/\/nsp25.md\/ro\/wp-json\/wp\/v2\/product_cat?post=1138"},{"taxonomy":"product_tag","embeddable":true,"href":"https:\/\/nsp25.md\/ro\/wp-json\/wp\/v2\/product_tag?post=1138"}],"curies":[{"name":"wp","href":"https:\/\/api.w.org\/{rel}","templated":true}]}}